{"id":45,"date":"2017-02-13T09:03:20","date_gmt":"2017-02-13T09:03:20","guid":{"rendered":"http:\/\/zaunbau.pl\/?page_id=45"},"modified":"2019-03-09T22:51:23","modified_gmt":"2019-03-09T22:51:23","slug":"uber-uns","status":"publish","type":"page","link":"https:\/\/zaunbau.pl\/?page_id=45","title":{"rendered":"\u00dcber uns"},"content":{"rendered":"<p align=\"CENTER\"><span style=\"color: #666666;\"><span style=\"font-family: Open Sans, sans-serif;\"><span style=\"font-size: small;\"><img loading=\"lazy\" decoding=\"async\" class=\" wp-image-55 alignright\" src=\"https:\/\/zaunbau.pl\/wp-content\/uploads\/2017\/02\/IMG_4104.jpg\" alt=\"\" width=\"204\" height=\"136\" srcset=\"https:\/\/zaunbau.pl\/wp-content\/uploads\/2017\/02\/IMG_4104.jpg 640w, https:\/\/zaunbau.pl\/wp-content\/uploads\/2017\/02\/IMG_4104-555x370.jpg 555w, https:\/\/zaunbau.pl\/wp-content\/uploads\/2017\/02\/IMG_4104-300x200.jpg 300w\" sizes=\"auto, (max-width: 204px) 100vw, 204px\" \/>Unser Unternehmen ist seit dem Jahre 2001 in der Metallverarbeitung t\u00e4tig. Der Zaunbau wurde nach und nach zum Schwerpunkt unserer T\u00e4tigkeit. \u00dcber die Jahre haben unsere Produkte ein H\u00f6chstma\u00df an Qualit\u00e4t und Funktionalit\u00e4t erreicht.<br \/>\nMit unseren erfahrenen Mitarbeitern und Partnern garantieren wir unseren Kunden eine Realisierung ihrer Bauvorhaben in bester Handwerksqualit\u00e4t.<br \/>\n<\/span><\/span><\/span><\/p>\n<hr \/>\n<p align=\"CENTER\">\n<p align=\"CENTER\"><span style=\"color: #666666;\"><span style=\"font-family: Open Sans, sans-serif;\"><span style=\"font-size: small;\"><img loading=\"lazy\" decoding=\"async\" class=\" wp-image-428 alignleft\" src=\"https:\/\/zaunbau.pl\/wp-content\/uploads\/2019\/03\/torehavertra-1-e1552170727400.jpeg\" alt=\"\" width=\"265\" height=\"129\" srcset=\"https:\/\/zaunbau.pl\/wp-content\/uploads\/2019\/03\/torehavertra-1-e1552170727400.jpeg 1600w, https:\/\/zaunbau.pl\/wp-content\/uploads\/2019\/03\/torehavertra-1-e1552170727400-555x270.jpeg 555w, https:\/\/zaunbau.pl\/wp-content\/uploads\/2019\/03\/torehavertra-1-e1552170727400-300x146.jpeg 300w, https:\/\/zaunbau.pl\/wp-content\/uploads\/2019\/03\/torehavertra-1-e1552170727400-768x373.jpeg 768w, https:\/\/zaunbau.pl\/wp-content\/uploads\/2019\/03\/torehavertra-1-e1552170727400-1024x497.jpeg 1024w\" sizes=\"auto, (max-width: 265px) 100vw, 265px\" \/>Wir bieten traditionelle und moderne schmiedeeiserne Zaunanlagen, Tore, Pforten, sowie alle dazugeh\u00f6rigen Bauelemente aus eigener Produktion an. Desweiteren montieren wir die optionelen Elektroinstalationen, Briefk\u00e4sten, Rasenkantsteine etc.<br \/>\n<\/span><\/span><\/span><\/p>\n<p align=\"CENTER\">\n<hr \/>\n<p align=\"CENTER\">\n<p align=\"CENTER\"><span style=\"color: #666666;\"><span style=\"font-family: Open Sans, sans-serif;\"><span style=\"font-size: small;\"><img loading=\"lazy\" decoding=\"async\" class=\" wp-image-430 alignright\" src=\"https:\/\/zaunbau.pl\/wp-content\/uploads\/2019\/03\/Thore2.jpeg\" alt=\"\" width=\"199\" height=\"150\" srcset=\"https:\/\/zaunbau.pl\/wp-content\/uploads\/2019\/03\/Thore2.jpeg 1600w, https:\/\/zaunbau.pl\/wp-content\/uploads\/2019\/03\/Thore2-555x416.jpeg 555w, https:\/\/zaunbau.pl\/wp-content\/uploads\/2019\/03\/Thore2-300x225.jpeg 300w, https:\/\/zaunbau.pl\/wp-content\/uploads\/2019\/03\/Thore2-768x576.jpeg 768w, https:\/\/zaunbau.pl\/wp-content\/uploads\/2019\/03\/Thore2-1024x768.jpeg 1024w\" sizes=\"auto, (max-width: 199px) 100vw, 199px\" \/>In Zusammenarbeit mit unseren Partnerunternehmen lassen wir Systemz\u00e4une\/ Tore, Doppelstabmatten anfertigen welche von unseren erfahrenen Monteuren aufgebaut werden.<br \/>\n<\/span><\/span><\/span><\/p>\n<p align=\"CENTER\">\n<p align=\"CENTER\">\n<hr \/>\n<p align=\"CENTER\"><span style=\"color: #666666;\"><span style=\"font-family: Open Sans, sans-serif;\"><span style=\"font-size: small;\"><img loading=\"lazy\" decoding=\"async\" class=\" wp-image-435 alignleft\" src=\"https:\/\/zaunbau.pl\/wp-content\/uploads\/2019\/03\/Thore4.jpeg\" alt=\"\" width=\"292\" height=\"219\" srcset=\"https:\/\/zaunbau.pl\/wp-content\/uploads\/2019\/03\/Thore4.jpeg 1600w, https:\/\/zaunbau.pl\/wp-content\/uploads\/2019\/03\/Thore4-555x416.jpeg 555w, https:\/\/zaunbau.pl\/wp-content\/uploads\/2019\/03\/Thore4-300x225.jpeg 300w, https:\/\/zaunbau.pl\/wp-content\/uploads\/2019\/03\/Thore4-768x576.jpeg 768w, https:\/\/zaunbau.pl\/wp-content\/uploads\/2019\/03\/Thore4-1024x768.jpeg 1024w\" sizes=\"auto, (max-width: 292px) 100vw, 292px\" \/>Ein weiteres T\u00e4tigkeitsfeld sind Treppenkonstruktionen, Terrassen, Balkone, und Carports von der ersten Vermessung \u00fcber technische Zeichnungen bis zum fertigen Produkt.<br \/>\n<\/span><\/span><\/span><\/p>\n<hr \/>\n<p align=\"CENTER\"><span style=\"color: #666666;\"><span style=\"font-family: Open Sans, sans-serif;\"><span style=\"font-size: small;\"><br \/>\nOb geschmiedeter Stahl, Edelstahl, Aluminium, oder die dazugeh\u00f6rigen Holz \u2013 und Glasapplikationen?<br \/>\nWir sind der richtige Partner!<\/span><\/span><\/span><\/p>\n<hr \/>\n<p align=\"CENTER\">\n<p align=\"CENTER\"><span style=\"color: #666666;\"> <span style=\"font-family: Open Sans, sans-serif;\"><span style=\"font-size: small;\">Unsere Produkte sind hergestellt nach deutschen Richtlinien und Qualit\u00e4tsstandards, z.B. Pulverbeschichtung und Feuerverzinkung nach DIN 267 Teil 10 \/ DIN EN ISO 10684 \/ DIN EN ISO 1461<\/span><\/span><\/span><\/p>\n<hr \/>\n<p align=\"CENTER\"><span style=\"color: #666666;\"><span style=\"font-family: Open Sans, sans-serif;\"><span style=\"font-size: small;\">In Zusammenarbeit mit den renommierten Herstellern von Torantrieben: \u201eSommer\u201c (Made in Germany) bzw. \u201eTousek\u201c (Made in Austria) bieten unsere Produkte ein H\u00f6chstma\u00df an Qualit\u00e4t und eine lange Lebensdauer.<\/span><\/span><\/span><\/p>\n<p align=\"CENTER\"><span style=\"color: #666666;\"><span style=\"font-family: Open Sans, sans-serif;\"><span style=\"font-size: small;\">Gerne besuchen wir sie vor Ort, somit k\u00f6nnen wir im Zuge der Fachberatung genaues Aufma\u00df nehmen und nach ihren W\u00fcnschen ein individuelles Muster mit der bestm\u00f6glichen Aufteilung erstellen.<br \/>\n<b>Diese Leistung ist f\u00fcr sie garantiert kostenfrei und unverbindlich!<\/b><\/span><\/span><\/span><\/p>\n<p align=\"CENTER\">\n<p align=\"CENTER\"><span style=\"color: #666666;\"><span style=\"font-family: Open Sans, sans-serif;\"><span style=\"font-size: small;\"><b>Mit uns sind sie sicher!!!<\/b><\/span><\/span><\/span><\/p>\n<p align=\"CENTER\"><span style=\"color: #666666;\"><span style=\"font-family: Open Sans, sans-serif;\"><span style=\"font-size: small;\">Rufen sie uns einfach an, schreiben sie eine E-mail<br \/>\noder verwenden Sie unser Kontaktformular.<\/span><\/span><\/span><\/p>\n","protected":false},"excerpt":{"rendered":"<p>Unser Unternehmen ist seit dem Jahre 2001 in der Metallverarbeitung t\u00e4tig. Der Zaunbau wurde nach und nach zum Schwerpunkt unserer T\u00e4tigkeit. \u00dcber die Jahre haben unsere Produkte ein H\u00f6chstma\u00df an Qualit\u00e4t und Funktionalit\u00e4t erreicht. Mit unseren erfahrenen Mitarbeitern und Partnern garantieren wir unseren Kunden eine Realisierung ihrer Bauvorhaben in bester Handwerksqualit\u00e4t. Wir bieten traditionelle und [&hellip;]<\/p>\n","protected":false},"author":1,"featured_media":0,"parent":0,"menu_order":1,"comment_status":"closed","ping_status":"closed","template":"","meta":{"footnotes":""},"class_list":["post-45","page","type-page","status-publish","hentry"],"_links":{"self":[{"href":"https:\/\/zaunbau.pl\/index.php?rest_route=\/wp\/v2\/pages\/45","targetHints":{"allow":["GET"]}}],"collection":[{"href":"https:\/\/zaunbau.pl\/index.php?rest_route=\/wp\/v2\/pages"}],"about":[{"href":"https:\/\/zaunbau.pl\/index.php?rest_route=\/wp\/v2\/types\/page"}],"author":[{"embeddable":true,"href":"https:\/\/zaunbau.pl\/index.php?rest_route=\/wp\/v2\/users\/1"}],"replies":[{"embeddable":true,"href":"https:\/\/zaunbau.pl\/index.php?rest_route=%2Fwp%2Fv2%2Fcomments&post=45"}],"version-history":[{"count":16,"href":"https:\/\/zaunbau.pl\/index.php?rest_route=\/wp\/v2\/pages\/45\/revisions"}],"predecessor-version":[{"id":436,"href":"https:\/\/zaunbau.pl\/index.php?rest_route=\/wp\/v2\/pages\/45\/revisions\/436"}],"wp:attachment":[{"href":"https:\/\/zaunbau.pl\/index.php?rest_route=%2Fwp%2Fv2%2Fmedia&parent=45"}],"curies":[{"name":"wp","href":"https:\/\/api.w.org\/{rel}","templated":true}]}}